{"id":7081,"date":"2025-06-30T06:39:54","date_gmt":"2025-06-30T06:39:54","guid":{"rendered":"https:\/\/boucheriechartier.ca\/?post_type=product&#038;p=7081"},"modified":"2026-04-02T08:24:06","modified_gmt":"2026-04-02T08:24:06","slug":"sauce-piquante-gare-aux-fantomes-britannia-mills","status":"publish","type":"product","link":"https:\/\/boucheriechartier.ca\/en\/boutique\/sauce-piquante-gare-aux-fantomes-britannia-mills\/","title":{"rendered":"Sauce piquante Gare aux Fant\u00f4mes \u2013 Britannia Mills"},"content":{"rendered":"","protected":false},"excerpt":{"rendered":"<p><strong>Size:<\/strong> 148 ml<br \/>\nUne sauce extr\u00eamement piquante au piment Fant\u00f4me (Ghost Pepper), \u00e0 utiliser avec grande pr\u00e9caution pour enflammer vos plats !<\/p>","protected":false},"featured_media":7131,"template":"","meta":[],"product_brand":[97],"product_cat":[90],"product_tag":[],"class_list":{"0":"post-7081","1":"product","2":"type-product","3":"status-publish","4":"has-post-thumbnail","6":"product_brand-britannia-mills","7":"product_cat-hot-sauces","8":"pa_delivery-boucherie-chartier","9":"pa_delivery-poste-canada","11":"first","12":"instock","13":"purchasable","14":"product-type-simple"},"jetpack_sharing_enabled":true,"_links":{"self":[{"href":"https:\/\/boucheriechartier.ca\/en\/wp-json\/wp\/v2\/product\/7081","targetHints":{"allow":["GET"]}}],"collection":[{"href":"https:\/\/boucheriechartier.ca\/en\/wp-json\/wp\/v2\/product"}],"about":[{"href":"https:\/\/boucheriechartier.ca\/en\/wp-json\/wp\/v2\/types\/product"}],"wp:featuredmedia":[{"embeddable":true,"href":"https:\/\/boucheriechartier.ca\/en\/wp-json\/wp\/v2\/media\/7131"}],"wp:attachment":[{"href":"https:\/\/boucheriechartier.ca\/en\/wp-json\/wp\/v2\/media?parent=7081"}],"wp:term":[{"taxonomy":"product_brand","embeddable":true,"href":"https:\/\/boucheriechartier.ca\/en\/wp-json\/wp\/v2\/product_brand?post=7081"},{"taxonomy":"product_cat","embeddable":true,"href":"https:\/\/boucheriechartier.ca\/en\/wp-json\/wp\/v2\/product_cat?post=7081"},{"taxonomy":"product_tag","embeddable":true,"href":"https:\/\/boucheriechartier.ca\/en\/wp-json\/wp\/v2\/product_tag?post=7081"}],"curies":[{"name":"wp","href":"https:\/\/api.w.org\/{rel}","templated":true}]}}