{"id":6959,"date":"2025-06-30T06:39:00","date_gmt":"2025-06-30T06:39:00","guid":{"rendered":"https:\/\/boucheriechartier.ca\/?post_type=product&#038;p=6959"},"modified":"2026-03-30T19:05:20","modified_gmt":"2026-03-30T19:05:20","slug":"croustilles-barbecue-fume-douce-covered-bridge","status":"publish","type":"product","link":"https:\/\/boucheriechartier.ca\/en\/boutique\/croustilles-barbecue-fume-douce-covered-bridge\/","title":{"rendered":"Smokin' Sweet Barbecue Potato Chips \u2013 Covered Bridge"},"content":{"rendered":"","protected":false},"excerpt":{"rendered":"<p><strong>Size:<\/strong> 170 g<br \/>\nDe d\u00e9licieuses croustilles canadiennes cuites \u00e0 la marmite, offrant une saveur parfaitement \u00e9quilibr\u00e9e de barbecue douce et fum\u00e9e.<\/p>","protected":false},"featured_media":6978,"template":"","meta":[],"product_brand":[129],"product_cat":[73],"product_tag":[],"class_list":{"0":"post-6959","1":"product","2":"type-product","3":"status-publish","4":"has-post-thumbnail","6":"product_brand-covered-bridge","7":"product_cat-chips-salsa","9":"first","10":"instock","11":"taxable","12":"shipping-taxable","13":"purchasable","14":"product-type-simple"},"jetpack_sharing_enabled":true,"_links":{"self":[{"href":"https:\/\/boucheriechartier.ca\/en\/wp-json\/wp\/v2\/product\/6959","targetHints":{"allow":["GET"]}}],"collection":[{"href":"https:\/\/boucheriechartier.ca\/en\/wp-json\/wp\/v2\/product"}],"about":[{"href":"https:\/\/boucheriechartier.ca\/en\/wp-json\/wp\/v2\/types\/product"}],"wp:featuredmedia":[{"embeddable":true,"href":"https:\/\/boucheriechartier.ca\/en\/wp-json\/wp\/v2\/media\/6978"}],"wp:attachment":[{"href":"https:\/\/boucheriechartier.ca\/en\/wp-json\/wp\/v2\/media?parent=6959"}],"wp:term":[{"taxonomy":"product_brand","embeddable":true,"href":"https:\/\/boucheriechartier.ca\/en\/wp-json\/wp\/v2\/product_brand?post=6959"},{"taxonomy":"product_cat","embeddable":true,"href":"https:\/\/boucheriechartier.ca\/en\/wp-json\/wp\/v2\/product_cat?post=6959"},{"taxonomy":"product_tag","embeddable":true,"href":"https:\/\/boucheriechartier.ca\/en\/wp-json\/wp\/v2\/product_tag?post=6959"}],"curies":[{"name":"wp","href":"https:\/\/api.w.org\/{rel}","templated":true}]}}